{"id":94,"date":"2025-09-07T02:27:24","date_gmt":"2025-09-07T02:27:24","guid":{"rendered":"https:\/\/hccsl.adv.br\/operacaolavajato\/?page_id=94"},"modified":"2025-09-07T03:21:32","modified_gmt":"2025-09-07T03:21:32","slug":"fase-7","status":"publish","type":"page","link":"https:\/\/hccsl.adv.br\/operacaolavajato\/fases-da-operacao\/fase-7\/","title":{"rendered":"Fase 7"},"content":{"rendered":"<p><strong class=\"group-[.isActiveSource]:text-xl group-[.isActiveSource]:font-bold\">7\u00aa fase: 14\/11\/2014 &#8211; Presidentes de empreiteiras s\u00e3o presos\u00a0<\/strong><br \/>\nPela primeira vez, uma etapa da Lava Jato foi batizada pela PF com um nome pr\u00f3prio, pr\u00e1tica que se tornaria corriqueira dali em diante. Em novembro de 2014, a Opera\u00e7\u00e3o Ju\u00edzo Final foi executada com o cumprimento de quatro mandados de pris\u00e3o preventiva e 14 de pris\u00e3o tempor\u00e1ria. Entre os detidos naquele dia, estavam Renato Duque, ex-diretor de Servi\u00e7os da Petrobras, e o lobista Fernando Baiano, al\u00e9m de tr\u00eas presidentes de algumas das maiores empreiteiras do pa\u00eds: L\u00e9o Pinheiro (OAS), Ricardo Pessoa (UTC) e Ildefonso Colares Filho (Queiroz Galv\u00e3o). Tamb\u00e9m com ordens de pris\u00e3o, outros executivos do setor de constru\u00e7\u00e3o n\u00e3o foram localizados em um primeiro momento. Segundo o MPF, a Camargo Corr\u00eaa (cujo presidente seria preso no ano seguinte) comandou um cartel de empreiteiras que teriam fraudado licita\u00e7\u00f5es da Petrobras. As investiga\u00e7\u00f5es tamb\u00e9m come\u00e7avam a respingar com for\u00e7a em partidos pol\u00edticos: entre as condu\u00e7\u00f5es coercitivas daquele dia, foi ouvida a cunhada do ent\u00e3o tesoureiro do PT, Jo\u00e3o Vaccari Neto.<\/p>\n","protected":false},"excerpt":{"rendered":"<p>7\u00aa fase: 14\/11\/2014 &#8211; Presidentes de empreiteiras s\u00e3o presos\u00a0 Pela primeira vez, uma etapa da Lava Jato foi batizada pela [&hellip;]<\/p>\n","protected":false},"author":1,"featured_media":0,"parent":34,"menu_order":0,"comment_status":"closed","ping_status":"closed","template":"","meta":{"site-sidebar-layout":"default","site-content-layout":"","ast-site-content-layout":"default","site-content-style":"default","site-sidebar-style":"default","ast-global-header-display":"","ast-banner-title-visibility":"","ast-main-header-display":"","ast-hfb-above-header-display":"","ast-hfb-below-header-display":"","ast-hfb-mobile-header-display":"","site-post-title":"","ast-breadcrumbs-content":"","ast-featured-img":"","footer-sml-layout":"","ast-disable-related-posts":"","theme-transparent-header-meta":"default","adv-header-id-meta":"","stick-header-meta":"","header-above-stick-meta":"","header-main-stick-meta":"","header-below-stick-meta":"","astra-migrate-meta-layouts":"set","ast-page-background-enabled":"default","ast-page-background-meta":{"desktop":{"background-color":"var(--ast-global-color-5)","background-image":"","background-repeat":"repeat","background-position":"center center","background-size":"auto","background-attachment":"scroll","background-type":"","background-media":"","overlay-type":"","overlay-color":"","overlay-opacity":"","overlay-gradient":""},"tablet":{"background-color":"","background-image":"","background-repeat":"repeat","background-position":"center center","background-size":"auto","background-attachment":"scroll","background-type":"","background-media":"","overlay-type":"","overlay-color":"","overlay-opacity":"","overlay-gradient":""},"mobile":{"background-color":"","background-image":"","background-repeat":"repeat","background-position":"center center","background-size":"auto","background-attachment":"scroll","background-type":"","background-media":"","overlay-type":"","overlay-color":"","overlay-opacity":"","overlay-gradient":""}},"ast-content-background-meta":{"desktop":{"background-color":"var(--ast-global-color-4)","background-image":"","background-repeat":"repeat","background-position":"center center","background-size":"auto","background-attachment":"scroll","background-type":"","background-media":"","overlay-type":"","overlay-color":"","overlay-opacity":"","overlay-gradient":""},"tablet":{"background-color":"var(--ast-global-color-4)","background-image":"","background-repeat":"repeat","background-position":"center center","background-size":"auto","background-attachment":"scroll","background-type":"","background-media":"","overlay-type":"","overlay-color":"","overlay-opacity":"","overlay-gradient":""},"mobile":{"background-color":"var(--ast-global-color-4)","background-image":"","background-repeat":"repeat","background-position":"center center","background-size":"auto","background-attachment":"scroll","background-type":"","background-media":"","overlay-type":"","overlay-color":"","overlay-opacity":"","overlay-gradient":""}},"footnotes":""},"class_list":["post-94","page","type-page","status-publish","hentry"],"_links":{"self":[{"href":"https:\/\/hccsl.adv.br\/operacaolavajato\/wp-json\/wp\/v2\/pages\/94","targetHints":{"allow":["GET"]}}],"collection":[{"href":"https:\/\/hccsl.adv.br\/operacaolavajato\/wp-json\/wp\/v2\/pages"}],"about":[{"href":"https:\/\/hccsl.adv.br\/operacaolavajato\/wp-json\/wp\/v2\/types\/page"}],"author":[{"embeddable":true,"href":"https:\/\/hccsl.adv.br\/operacaolavajato\/wp-json\/wp\/v2\/users\/1"}],"replies":[{"embeddable":true,"href":"https:\/\/hccsl.adv.br\/operacaolavajato\/wp-json\/wp\/v2\/comments?post=94"}],"version-history":[{"count":1,"href":"https:\/\/hccsl.adv.br\/operacaolavajato\/wp-json\/wp\/v2\/pages\/94\/revisions"}],"predecessor-version":[{"id":95,"href":"https:\/\/hccsl.adv.br\/operacaolavajato\/wp-json\/wp\/v2\/pages\/94\/revisions\/95"}],"up":[{"embeddable":true,"href":"https:\/\/hccsl.adv.br\/operacaolavajato\/wp-json\/wp\/v2\/pages\/34"}],"wp:attachment":[{"href":"https:\/\/hccsl.adv.br\/operacaolavajato\/wp-json\/wp\/v2\/media?parent=94"}],"curies":[{"name":"wp","href":"https:\/\/api.w.org\/{rel}","templated":true}]}}