{"id":8,"date":"2025-09-06T22:16:55","date_gmt":"2025-09-06T22:16:55","guid":{"rendered":"https:\/\/hccsl.adv.br\/operacaolavajato\/?page_id=8"},"modified":"2025-09-07T04:59:11","modified_gmt":"2025-09-07T04:59:11","slug":"introducao","status":"publish","type":"page","link":"https:\/\/hccsl.adv.br\/operacaolavajato\/","title":{"rendered":"Introdu\u00e7\u00e3o"},"content":{"rendered":"\r\n\r\n\r\n<p><strong>Opera\u00e7\u00e3o Lava Jato\u00a0<\/strong><\/p>\r\n\r\n\r\n\r\n<p>A ideia deste projeto guarda rela\u00e7\u00e3o com a disponibiliza\u00e7\u00e3o de informa\u00e7\u00f5es, documentos que constam publicamente em sites de not\u00edcia, e especialmente do conte\u00fado que consta nos Tribunais de Justi\u00e7a Federais nos estados do Paran\u00e1, S\u00e3o Paulo, Rio de Janeiro, Distrito Federal e Curitiba.<\/p>\r\n\r\n\r\n\r\n<p>O autor \u00e9 &#8220;apartid\u00e1rio&#8221;, ou seja, o prop\u00f3sito do projeto n\u00e3o \u00e9 falar bem ou mal da Opera\u00e7\u00e3o Lava Jato, e sim demonstrar o que poderemos aprender diante dos fatos, e a pr\u00e1tica de atos, seja por membro da DPF, MPF, Judici\u00e1rio, R\u00e9us, e outro protagonistas que participaram direta ou indiretamente, como TCU, e tamb\u00e9m a sociedade.<\/p>\r\n\r\n\r\n\r\n<p>\u00c9 importante destacar, que a Opera\u00e7\u00e3o Lava Jato sucumbiu, por tr\u00eas motivos, em especial:<\/p>\r\n\r\n\r\n\r\n<p>(i) Ju\u00edzo Incompetente;<\/p>\r\n\r\n\r\n\r\n<p>(ii) Prova Il\u00edcita; e<\/p>\r\n\r\n\r\n\r\n<p>(iii) Parcialidade do Ju\u00edzo<\/p>\r\n\r\n\r\n\r\n<p>Dos elementos de prova, um dos mais relevantes foi a utilizacao do Acordo de Colabora\u00e7\u00e3o Premiada-ACP, que merece um destaque especial, uma vez que em determinado momento foi relevante, em outro foi mitigado, e ao final se tornou incolume, mas diametralmente oposto a decisao do STF, quando ainda que incolume, permitiu a anulacao de atos ocorridos na operacao lava jato, com r\u00e9us como Alberto Youssef, Palocci, Marcelo Odebrecht, Luis Inacio Lula da Silva, Richa, Jos\u00e9 Dirceu, entre outros.<\/p>\r\n<p>Este projeto foi idealizado desde quando o autor estagiava (Jul\/2015 a Dez\/20216) no auge da operacao lava jato ou seja, antes de se tornar advogado criminalista, ao longo do tempo estudando cada acao penal, e todos outros procedimentos existentes na Operacao Lava Jato, resultando nesta rica base de informacoes, que idealizei da seguinte forma:<\/p>\r\n<ol>\r\n<li><em>Site<\/em> completo contendo tudo sobre a Opera\u00e7\u00e3o Lava Jato, tudo o que se passou entre 2014 e 2021, e o que remanesceu;<\/li>\r\n<li>Livro <em>e-book<\/em> disponibilizado na plataforma www.csl-edu.com.br e www.amazon.com no formato Cole\u00e7\u00e3o Opera\u00e7\u00e3o Lava Jato com v\u00e1rios volumes.<\/li>\r\n<li>Livro <em>e-book<\/em> com PDF interativo, editado no In Design, desta forma rico em informacoes, com v\u00eddeos, e imagens embutidos, bem como links com o mesmo material disponibilizado em nuvem (googledrive e onedrive), somente disponibilizado na plataforma www.csl-edu.com.br. Cole\u00e7\u00e3o Opera\u00e7\u00e3o Lava Jato com v\u00e1rios volumes.<\/li>\r\n<\/ol>\r\n<p>O resultado deste projeto \u00e9 para que a sociedade tenha acesso a todas informacoes, documentos, e daqueles que nao teve, o motivo relatado no corpo do projeto no menu sob o t\u00edtulo <strong>Sigilo dos Processos, <\/strong>que teve repercuss\u00f5es que reverberaram em peti\u00e7\u00f5es para providencias ao Ju\u00edzo da 13a Vara Federal de Curitiba, OAB\/Federal, STF, CNJ, Abracrim e CIHD.<\/p>\r\n\r\n\r\n\r\n<p>&nbsp;<\/p>\r\n\r\n\r\n\r\n<p>&nbsp;<\/p>\r\n\r\n\r\n\r\n<p><b>\u00a0<\/b><\/p>\r\n\r\n\r\n\r\n<p>&nbsp;<\/p>\r\n","protected":false},"excerpt":{"rendered":"<p>Opera\u00e7\u00e3o Lava Jato\u00a0 A ideia deste projeto guarda rela\u00e7\u00e3o com a disponibiliza\u00e7\u00e3o de informa\u00e7\u00f5es, documentos que constam publicamente em sites [&hellip;]<\/p>\n","protected":false},"author":1,"featured_media":0,"parent":0,"menu_order":0,"comment_status":"closed","ping_status":"closed","template":"","meta":{"site-sidebar-layout":"default","site-content-layout":"","ast-site-content-layout":"default","site-content-style":"default","site-sidebar-style":"default","ast-global-header-display":"","ast-banner-title-visibility":"","ast-main-header-display":"","ast-hfb-above-header-display":"","ast-hfb-below-header-display":"","ast-hfb-mobile-header-display":"","site-post-title":"","ast-breadcrumbs-content":"","ast-featured-img":"","footer-sml-layout":"","ast-disable-related-posts":"","theme-transparent-header-meta":"default","adv-header-id-meta":"","stick-header-meta":"","header-above-stick-meta":"","header-main-stick-meta":"","header-below-stick-meta":"","astra-migrate-meta-layouts":"set","ast-page-background-enabled":"default","ast-page-background-meta":{"desktop":{"background-color":"var(--ast-global-color-5)","background-image":"","background-repeat":"repeat","background-position":"center center","background-size":"auto","background-attachment":"scroll","background-type":"","background-media":"","overlay-type":"","overlay-color":"","overlay-opacity":"","overlay-gradient":""},"tablet":{"background-color":"","background-image":"","background-repeat":"repeat","background-position":"center center","background-size":"auto","background-attachment":"scroll","background-type":"","background-media":"","overlay-type":"","overlay-color":"","overlay-opacity":"","overlay-gradient":""},"mobile":{"background-color":"","background-image":"","background-repeat":"repeat","background-position":"center center","background-size":"auto","background-attachment":"scroll","background-type":"","background-media":"","overlay-type":"","overlay-color":"","overlay-opacity":"","overlay-gradient":""}},"ast-content-background-meta":{"desktop":{"background-color":"var(--ast-global-color-4)","background-image":"","background-repeat":"repeat","background-position":"center center","background-size":"auto","background-attachment":"scroll","background-type":"","background-media":"","overlay-type":"","overlay-color":"","overlay-opacity":"","overlay-gradient":""},"tablet":{"background-color":"var(--ast-global-color-4)","background-image":"","background-repeat":"repeat","background-position":"center center","background-size":"auto","background-attachment":"scroll","background-type":"","background-media":"","overlay-type":"","overlay-color":"","overlay-opacity":"","overlay-gradient":""},"mobile":{"background-color":"var(--ast-global-color-4)","background-image":"","background-repeat":"repeat","background-position":"center center","background-size":"auto","background-attachment":"scroll","background-type":"","background-media":"","overlay-type":"","overlay-color":"","overlay-opacity":"","overlay-gradient":""}},"footnotes":""},"class_list":["post-8","page","type-page","status-publish","hentry"],"_links":{"self":[{"href":"https:\/\/hccsl.adv.br\/operacaolavajato\/wp-json\/wp\/v2\/pages\/8","targetHints":{"allow":["GET"]}}],"collection":[{"href":"https:\/\/hccsl.adv.br\/operacaolavajato\/wp-json\/wp\/v2\/pages"}],"about":[{"href":"https:\/\/hccsl.adv.br\/operacaolavajato\/wp-json\/wp\/v2\/types\/page"}],"author":[{"embeddable":true,"href":"https:\/\/hccsl.adv.br\/operacaolavajato\/wp-json\/wp\/v2\/users\/1"}],"replies":[{"embeddable":true,"href":"https:\/\/hccsl.adv.br\/operacaolavajato\/wp-json\/wp\/v2\/comments?post=8"}],"version-history":[{"count":11,"href":"https:\/\/hccsl.adv.br\/operacaolavajato\/wp-json\/wp\/v2\/pages\/8\/revisions"}],"predecessor-version":[{"id":362,"href":"https:\/\/hccsl.adv.br\/operacaolavajato\/wp-json\/wp\/v2\/pages\/8\/revisions\/362"}],"wp:attachment":[{"href":"https:\/\/hccsl.adv.br\/operacaolavajato\/wp-json\/wp\/v2\/media?parent=8"}],"curies":[{"name":"wp","href":"https:\/\/api.w.org\/{rel}","templated":true}]}}