{"id":75,"date":"2025-09-07T02:19:25","date_gmt":"2025-09-07T02:19:25","guid":{"rendered":"https:\/\/hccsl.adv.br\/operacaolavajato\/?page_id=75"},"modified":"2025-09-07T03:12:52","modified_gmt":"2025-09-07T03:12:52","slug":"fase-1","status":"publish","type":"page","link":"https:\/\/hccsl.adv.br\/operacaolavajato\/fases-da-operacao\/fase-1\/","title":{"rendered":"Fase 1"},"content":{"rendered":"<p><strong class=\"group-[.isActiveSource]:text-xl group-[.isActiveSource]:font-bold\">1\u00aa fase: 17\/03\/2014 &#8211; O in\u00edcio de uma opera\u00e7\u00e3o hist\u00f3rica<br \/>\n<\/strong>Ainda sem grande destaque no notici\u00e1rio da \u00e9poca, a Pol\u00edcia Federal deflagrou, em uma segunda-feira pela manh\u00e3, uma opera\u00e7\u00e3o contra lavagem de dinheiro em seis estados (Mato Grosso, Paran\u00e1, Rio de Janeiro, Rio Grande do Sul, Santa Catarina e S\u00e3o Paulo) e no Distrito Federal. Entre os 81 alvos de mandados de busca e apreens\u00e3o, figuravam suspeitos de liga\u00e7\u00e3o com contrabando, tr\u00e1fico de drogas e c\u00e2mbio clandestino, entre outros delitos. De acordo com as investiga\u00e7\u00f5es, cerca de R$ 10 bilh\u00f5es teriam sido movimentados em atividades il\u00edcitas \u2014 parte desse montante encoberto nas transa\u00e7\u00f5es financeiras de uma rede brasiliense de lavanderia em postos de combust\u00edveis. Dali surgiu o nome que ficaria marcado na hist\u00f3ria brasileira: Opera\u00e7\u00e3o Lava Jato.<\/p>\n","protected":false},"excerpt":{"rendered":"<p>1\u00aa fase: 17\/03\/2014 &#8211; O in\u00edcio de uma opera\u00e7\u00e3o hist\u00f3rica Ainda sem grande destaque no notici\u00e1rio da \u00e9poca, a Pol\u00edcia [&hellip;]<\/p>\n","protected":false},"author":1,"featured_media":0,"parent":34,"menu_order":0,"comment_status":"closed","ping_status":"closed","template":"","meta":{"site-sidebar-layout":"default","site-content-layout":"","ast-site-content-layout":"default","site-content-style":"default","site-sidebar-style":"default","ast-global-header-display":"","ast-banner-title-visibility":"","ast-main-header-display":"","ast-hfb-above-header-display":"","ast-hfb-below-header-display":"","ast-hfb-mobile-header-display":"","site-post-title":"","ast-breadcrumbs-content":"","ast-featured-img":"","footer-sml-layout":"","ast-disable-related-posts":"","theme-transparent-header-meta":"default","adv-header-id-meta":"","stick-header-meta":"","header-above-stick-meta":"","header-main-stick-meta":"","header-below-stick-meta":"","astra-migrate-meta-layouts":"set","ast-page-background-enabled":"default","ast-page-background-meta":{"desktop":{"background-color":"var(--ast-global-color-5)","background-image":"","background-repeat":"repeat","background-position":"center center","background-size":"auto","background-attachment":"scroll","background-type":"","background-media":"","overlay-type":"","overlay-color":"","overlay-opacity":"","overlay-gradient":""},"tablet":{"background-color":"","background-image":"","background-repeat":"repeat","background-position":"center center","background-size":"auto","background-attachment":"scroll","background-type":"","background-media":"","overlay-type":"","overlay-color":"","overlay-opacity":"","overlay-gradient":""},"mobile":{"background-color":"","background-image":"","background-repeat":"repeat","background-position":"center center","background-size":"auto","background-attachment":"scroll","background-type":"","background-media":"","overlay-type":"","overlay-color":"","overlay-opacity":"","overlay-gradient":""}},"ast-content-background-meta":{"desktop":{"background-color":"var(--ast-global-color-4)","background-image":"","background-repeat":"repeat","background-position":"center center","background-size":"auto","background-attachment":"scroll","background-type":"","background-media":"","overlay-type":"","overlay-color":"","overlay-opacity":"","overlay-gradient":""},"tablet":{"background-color":"var(--ast-global-color-4)","background-image":"","background-repeat":"repeat","background-position":"center center","background-size":"auto","background-attachment":"scroll","background-type":"","background-media":"","overlay-type":"","overlay-color":"","overlay-opacity":"","overlay-gradient":""},"mobile":{"background-color":"var(--ast-global-color-4)","background-image":"","background-repeat":"repeat","background-position":"center center","background-size":"auto","background-attachment":"scroll","background-type":"","background-media":"","overlay-type":"","overlay-color":"","overlay-opacity":"","overlay-gradient":""}},"footnotes":""},"class_list":["post-75","page","type-page","status-publish","hentry"],"_links":{"self":[{"href":"https:\/\/hccsl.adv.br\/operacaolavajato\/wp-json\/wp\/v2\/pages\/75","targetHints":{"allow":["GET"]}}],"collection":[{"href":"https:\/\/hccsl.adv.br\/operacaolavajato\/wp-json\/wp\/v2\/pages"}],"about":[{"href":"https:\/\/hccsl.adv.br\/operacaolavajato\/wp-json\/wp\/v2\/types\/page"}],"author":[{"embeddable":true,"href":"https:\/\/hccsl.adv.br\/operacaolavajato\/wp-json\/wp\/v2\/users\/1"}],"replies":[{"embeddable":true,"href":"https:\/\/hccsl.adv.br\/operacaolavajato\/wp-json\/wp\/v2\/comments?post=75"}],"version-history":[{"count":2,"href":"https:\/\/hccsl.adv.br\/operacaolavajato\/wp-json\/wp\/v2\/pages\/75\/revisions"}],"predecessor-version":[{"id":80,"href":"https:\/\/hccsl.adv.br\/operacaolavajato\/wp-json\/wp\/v2\/pages\/75\/revisions\/80"}],"up":[{"embeddable":true,"href":"https:\/\/hccsl.adv.br\/operacaolavajato\/wp-json\/wp\/v2\/pages\/34"}],"wp:attachment":[{"href":"https:\/\/hccsl.adv.br\/operacaolavajato\/wp-json\/wp\/v2\/media?parent=75"}],"curies":[{"name":"wp","href":"https:\/\/api.w.org\/{rel}","templated":true}]}}