{"id":50,"date":"2025-09-07T01:46:20","date_gmt":"2025-09-07T01:46:20","guid":{"rendered":"https:\/\/hccsl.adv.br\/operacaolavajato\/?page_id=50"},"modified":"2025-09-07T06:06:16","modified_gmt":"2025-09-07T06:06:16","slug":"diogo-castor-r-1-800-00000-outdoor","status":"publish","type":"page","link":"https:\/\/hccsl.adv.br\/operacaolavajato\/outras-questoes\/diogo-castor-r-1-800-00000-outdoor\/","title":{"rendered":"Diogo Castor (R$ 1.800.000,00) Outdoor"},"content":{"rendered":"<p>&nbsp;<\/p>\n<p>Patrocinou o pol\u00eamico outdoor para quem chega em Curitiba, vindo do aeroporto, resultou em demiss\u00e3o em 2019 pelo CNMP.<\/p>\n<p>Uma associacao de advogado fez a representacao administrativa no CNMP, mas Diogo recorreu no judici\u00e1rio foi absolvido na 1a instancia, e confirmado no TRF-4, e um dos julgadores no TRF-4, foi ninguem menos que o em. Desembargador Federal, que atuava na 8a Turma julgando os processos na Operacao Lava Jato que advindos de Curitiba\/PR.<\/p>\n<p>Transitou em julgado a decisao, em janeiro de 2025 foi reintegrado ao cargo, e isto gerou 4 anos de afastamento, com remuneracao suspensa, que agora tera direito aos 4 anos corrigidos, que reverbera em R$ 1.800.000,00 por baixo, que se solicitado at\u00e9 julho de 2025, sera pago via precatorio pela uniao em uma unica vez ate julho de 2026, ou seja, 4 anos sem trabalhar, suportado pelo contribuinte, que s\u00f3 assiste&#8230; Nada ilegal, s\u00f3 imoral, mas isso \u00e9 opiniao minha.<\/p>\n","protected":false},"excerpt":{"rendered":"<p>&nbsp; Patrocinou o pol\u00eamico outdoor para quem chega em Curitiba, vindo do aeroporto, resultou em demiss\u00e3o em 2019 pelo CNMP. [&hellip;]<\/p>\n","protected":false},"author":1,"featured_media":0,"parent":40,"menu_order":0,"comment_status":"closed","ping_status":"closed","template":"","meta":{"site-sidebar-layout":"default","site-content-layout":"","ast-site-content-layout":"default","site-content-style":"default","site-sidebar-style":"default","ast-global-header-display":"","ast-banner-title-visibility":"","ast-main-header-display":"","ast-hfb-above-header-display":"","ast-hfb-below-header-display":"","ast-hfb-mobile-header-display":"","site-post-title":"","ast-breadcrumbs-content":"","ast-featured-img":"","footer-sml-layout":"","ast-disable-related-posts":"","theme-transparent-header-meta":"default","adv-header-id-meta":"","stick-header-meta":"","header-above-stick-meta":"","header-main-stick-meta":"","header-below-stick-meta":"","astra-migrate-meta-layouts":"set","ast-page-background-enabled":"default","ast-page-background-meta":{"desktop":{"background-color":"var(--ast-global-color-5)","background-image":"","background-repeat":"repeat","background-position":"center center","background-size":"auto","background-attachment":"scroll","background-type":"","background-media":"","overlay-type":"","overlay-color":"","overlay-opacity":"","overlay-gradient":""},"tablet":{"background-color":"","background-image":"","background-repeat":"repeat","background-position":"center center","background-size":"auto","background-attachment":"scroll","background-type":"","background-media":"","overlay-type":"","overlay-color":"","overlay-opacity":"","overlay-gradient":""},"mobile":{"background-color":"","background-image":"","background-repeat":"repeat","background-position":"center center","background-size":"auto","background-attachment":"scroll","background-type":"","background-media":"","overlay-type":"","overlay-color":"","overlay-opacity":"","overlay-gradient":""}},"ast-content-background-meta":{"desktop":{"background-color":"var(--ast-global-color-4)","background-image":"","background-repeat":"repeat","background-position":"center center","background-size":"auto","background-attachment":"scroll","background-type":"","background-media":"","overlay-type":"","overlay-color":"","overlay-opacity":"","overlay-gradient":""},"tablet":{"background-color":"var(--ast-global-color-4)","background-image":"","background-repeat":"repeat","background-position":"center center","background-size":"auto","background-attachment":"scroll","background-type":"","background-media":"","overlay-type":"","overlay-color":"","overlay-opacity":"","overlay-gradient":""},"mobile":{"background-color":"var(--ast-global-color-4)","background-image":"","background-repeat":"repeat","background-position":"center center","background-size":"auto","background-attachment":"scroll","background-type":"","background-media":"","overlay-type":"","overlay-color":"","overlay-opacity":"","overlay-gradient":""}},"footnotes":""},"class_list":["post-50","page","type-page","status-publish","hentry"],"_links":{"self":[{"href":"https:\/\/hccsl.adv.br\/operacaolavajato\/wp-json\/wp\/v2\/pages\/50","targetHints":{"allow":["GET"]}}],"collection":[{"href":"https:\/\/hccsl.adv.br\/operacaolavajato\/wp-json\/wp\/v2\/pages"}],"about":[{"href":"https:\/\/hccsl.adv.br\/operacaolavajato\/wp-json\/wp\/v2\/types\/page"}],"author":[{"embeddable":true,"href":"https:\/\/hccsl.adv.br\/operacaolavajato\/wp-json\/wp\/v2\/users\/1"}],"replies":[{"embeddable":true,"href":"https:\/\/hccsl.adv.br\/operacaolavajato\/wp-json\/wp\/v2\/comments?post=50"}],"version-history":[{"count":3,"href":"https:\/\/hccsl.adv.br\/operacaolavajato\/wp-json\/wp\/v2\/pages\/50\/revisions"}],"predecessor-version":[{"id":389,"href":"https:\/\/hccsl.adv.br\/operacaolavajato\/wp-json\/wp\/v2\/pages\/50\/revisions\/389"}],"up":[{"embeddable":true,"href":"https:\/\/hccsl.adv.br\/operacaolavajato\/wp-json\/wp\/v2\/pages\/40"}],"wp:attachment":[{"href":"https:\/\/hccsl.adv.br\/operacaolavajato\/wp-json\/wp\/v2\/media?parent=50"}],"curies":[{"name":"wp","href":"https:\/\/api.w.org\/{rel}","templated":true}]}}