{"id":351,"date":"2025-09-07T04:33:50","date_gmt":"2025-09-07T04:33:50","guid":{"rendered":"https:\/\/hccsl.adv.br\/operacaolavajato\/?page_id=351"},"modified":"2025-09-07T05:54:19","modified_gmt":"2025-09-07T05:54:19","slug":"breve-curriculum-autor-do-projeto","status":"publish","type":"page","link":"https:\/\/hccsl.adv.br\/operacaolavajato\/breve-curriculum-autor-do-projeto\/","title":{"rendered":"Breve Curriculum Autor do Projeto"},"content":{"rendered":"<p><img loading=\"lazy\" decoding=\"async\" class=\" wp-image-352 aligncenter\" src=\"https:\/\/hccsl.adv.br\/operacaolavajato\/wp-content\/uploads\/2025\/09\/Claudionei-Santa-Lucia-200x300.jpeg\" alt=\"\" width=\"354\" height=\"531\" srcset=\"https:\/\/hccsl.adv.br\/operacaolavajato\/wp-content\/uploads\/2025\/09\/Claudionei-Santa-Lucia-200x300.jpeg 200w, https:\/\/hccsl.adv.br\/operacaolavajato\/wp-content\/uploads\/2025\/09\/Claudionei-Santa-Lucia-682x1024.jpeg 682w, https:\/\/hccsl.adv.br\/operacaolavajato\/wp-content\/uploads\/2025\/09\/Claudionei-Santa-Lucia-768x1153.jpeg 768w, https:\/\/hccsl.adv.br\/operacaolavajato\/wp-content\/uploads\/2025\/09\/Claudionei-Santa-Lucia-1023x1536.jpeg 1023w, https:\/\/hccsl.adv.br\/operacaolavajato\/wp-content\/uploads\/2025\/09\/Claudionei-Santa-Lucia.jpeg 1066w\" sizes=\"auto, (max-width: 354px) 100vw, 354px\" \/><\/p>\n<p id=\"yui_3_18_1_1_1757219339131_20\">T\u00e9cnico em Contabilidade pela Escola de Com\u00e9rcio da UFPR\/Cwb-1991, Contador (<strong>Puc\/SP<\/strong>) 1998, Especialista Magist\u00e9rio do Ensino Superior (<strong>Puc\/SP Cogeae<\/strong>) 2005, Advogado (<strong>Uninter-Cwb\/PR<\/strong>)2016, P\u00f3s Graduado em Direito Tribut\u00e1rio (<strong>GVLaw SP<\/strong>)2009, Aprovado no Mestrado em Ci\u00eancias Cont\u00e1beis e Financeiras (Puc\/SP), iniciado mas n\u00e3o conclu\u00eddo.(2011), Especialista Per\u00edcia Criminal (<strong>Verbo Jur\u00eddico-Poa\/RS<\/strong>) 2019 P\u00f3s Graduando Direito Penal e Criminologia (Puc\/RS)2025, Graduando em Administra\u00e7\u00e3o P\u00fablica (<strong>UEM\/PR<\/strong>) 2025. Graduando (2025) Bacharelado em Filosofia (<strong>Uninter RS<\/strong>), Bacharelado em Letras (<strong>Uninter\/RS<\/strong>).<\/p>\n<p>Membro do Ibccrim\/SP, Abracrim e Ibdfam<\/p>\n<p>Atividade Filantr\u00f3pica: Multiplicador da plataforma Politize<\/p>\n<p><strong>Ex-estagi\u00e1rio no auge da Opera\u00e7\u00e3o Lava Jato em Curitiba no MPF\/PR (Jul\/2015 a Dez\/2016)<\/strong><\/p>\n<p>Curioso em Tecnologia IA e afins: <em>Site<\/em> www.hccsl.adv.br na parte da <strong>opera\u00e7\u00e3o lava jato<\/strong> criado e desenvolvido via plataforma hostinger\/<em>wordpress<\/em> (autodidata) em setembro\/2025.<\/p>\n","protected":false},"excerpt":{"rendered":"<p>T\u00e9cnico em Contabilidade pela Escola de Com\u00e9rcio da UFPR\/Cwb-1991, Contador (Puc\/SP) 1998, Especialista Magist\u00e9rio do Ensino Superior (Puc\/SP Cogeae) 2005, [&hellip;]<\/p>\n","protected":false},"author":1,"featured_media":0,"parent":0,"menu_order":0,"comment_status":"closed","ping_status":"closed","template":"","meta":{"site-sidebar-layout":"default","site-content-layout":"","ast-site-content-layout":"default","site-content-style":"default","site-sidebar-style":"default","ast-global-header-display":"","ast-banner-title-visibility":"","ast-main-header-display":"","ast-hfb-above-header-display":"","ast-hfb-below-header-display":"","ast-hfb-mobile-header-display":"","site-post-title":"","ast-breadcrumbs-content":"","ast-featured-img":"","footer-sml-layout":"","ast-disable-related-posts":"","theme-transparent-header-meta":"default","adv-header-id-meta":"","stick-header-meta":"","header-above-stick-meta":"","header-main-stick-meta":"","header-below-stick-meta":"","astra-migrate-meta-layouts":"set","ast-page-background-enabled":"default","ast-page-background-meta":{"desktop":{"background-color":"var(--ast-global-color-5)","background-image":"","background-repeat":"repeat","background-position":"center center","background-size":"auto","background-attachment":"scroll","background-type":"","background-media":"","overlay-type":"","overlay-color":"","overlay-opacity":"","overlay-gradient":""},"tablet":{"background-color":"","background-image":"","background-repeat":"repeat","background-position":"center center","background-size":"auto","background-attachment":"scroll","background-type":"","background-media":"","overlay-type":"","overlay-color":"","overlay-opacity":"","overlay-gradient":""},"mobile":{"background-color":"","background-image":"","background-repeat":"repeat","background-position":"center center","background-size":"auto","background-attachment":"scroll","background-type":"","background-media":"","overlay-type":"","overlay-color":"","overlay-opacity":"","overlay-gradient":""}},"ast-content-background-meta":{"desktop":{"background-color":"var(--ast-global-color-4)","background-image":"","background-repeat":"repeat","background-position":"center center","background-size":"auto","background-attachment":"scroll","background-type":"","background-media":"","overlay-type":"","overlay-color":"","overlay-opacity":"","overlay-gradient":""},"tablet":{"background-color":"var(--ast-global-color-4)","background-image":"","background-repeat":"repeat","background-position":"center center","background-size":"auto","background-attachment":"scroll","background-type":"","background-media":"","overlay-type":"","overlay-color":"","overlay-opacity":"","overlay-gradient":""},"mobile":{"background-color":"var(--ast-global-color-4)","background-image":"","background-repeat":"repeat","background-position":"center center","background-size":"auto","background-attachment":"scroll","background-type":"","background-media":"","overlay-type":"","overlay-color":"","overlay-opacity":"","overlay-gradient":""}},"footnotes":""},"class_list":["post-351","page","type-page","status-publish","hentry"],"_links":{"self":[{"href":"https:\/\/hccsl.adv.br\/operacaolavajato\/wp-json\/wp\/v2\/pages\/351","targetHints":{"allow":["GET"]}}],"collection":[{"href":"https:\/\/hccsl.adv.br\/operacaolavajato\/wp-json\/wp\/v2\/pages"}],"about":[{"href":"https:\/\/hccsl.adv.br\/operacaolavajato\/wp-json\/wp\/v2\/types\/page"}],"author":[{"embeddable":true,"href":"https:\/\/hccsl.adv.br\/operacaolavajato\/wp-json\/wp\/v2\/users\/1"}],"replies":[{"embeddable":true,"href":"https:\/\/hccsl.adv.br\/operacaolavajato\/wp-json\/wp\/v2\/comments?post=351"}],"version-history":[{"count":6,"href":"https:\/\/hccsl.adv.br\/operacaolavajato\/wp-json\/wp\/v2\/pages\/351\/revisions"}],"predecessor-version":[{"id":387,"href":"https:\/\/hccsl.adv.br\/operacaolavajato\/wp-json\/wp\/v2\/pages\/351\/revisions\/387"}],"wp:attachment":[{"href":"https:\/\/hccsl.adv.br\/operacaolavajato\/wp-json\/wp\/v2\/media?parent=351"}],"curies":[{"name":"wp","href":"https:\/\/api.w.org\/{rel}","templated":true}]}}