{"id":247,"date":"2025-09-07T02:50:16","date_gmt":"2025-09-07T02:50:16","guid":{"rendered":"https:\/\/hccsl.adv.br\/operacaolavajato\/?page_id=247"},"modified":"2025-09-07T02:50:16","modified_gmt":"2025-09-07T02:50:16","slug":"fase-61","status":"publish","type":"page","link":"https:\/\/hccsl.adv.br\/operacaolavajato\/fases-da-operacao\/fase-61\/","title":{"rendered":"Fase 61"},"content":{"rendered":"<p><strong class=\"group-[.isActiveSource]:text-xl group-[.isActiveSource]:font-bold\">61\u00aa fase: 08\/05\/2019 &#8211; Disfarces de Mamon\u00a0<\/strong><br \/>\nEsta foi a primeira fase na qual foram cumpridos mandados de busca e apreens\u00e3o na sede de um banco: o Banco Paulista, acusado de lavagem de dinheiro por meio de contrata\u00e7\u00e3o de empresas de fachada para emitir notas de servi\u00e7os n\u00e3o prestados e esconder pagamentos il\u00edcitos. Entre 2009 e 2015, a institui\u00e7\u00e3o teria lavado mais de R$ 48 milh\u00f5es, repassados pela Odebrecht, no exterior. Tr\u00eas executivos do banco foram presos. O nome da opera\u00e7\u00e3o remete a um trecho da B\u00edblia: \u201cNingu\u00e9m pode servir a dois senhores (&#8230;). N\u00e3o podeis servir a Deus e a Mamon\u201d. A explica\u00e7\u00e3o \u00e9 que o banco envolvido usava suas informa\u00e7\u00f5es privilegiadas para viabilizar atividades ilegais, ao inv\u00e9s de agir em prol da fluidez do sistema financeiro.<\/p>\n","protected":false},"excerpt":{"rendered":"<p>61\u00aa fase: 08\/05\/2019 &#8211; Disfarces de Mamon\u00a0 Esta foi a primeira fase na qual foram cumpridos mandados de busca e [&hellip;]<\/p>\n","protected":false},"author":1,"featured_media":0,"parent":34,"menu_order":0,"comment_status":"closed","ping_status":"closed","template":"","meta":{"site-sidebar-layout":"default","site-content-layout":"","ast-site-content-layout":"default","site-content-style":"default","site-sidebar-style":"default","ast-global-header-display":"","ast-banner-title-visibility":"","ast-main-header-display":"","ast-hfb-above-header-display":"","ast-hfb-below-header-display":"","ast-hfb-mobile-header-display":"","site-post-title":"","ast-breadcrumbs-content":"","ast-featured-img":"","footer-sml-layout":"","ast-disable-related-posts":"","theme-transparent-header-meta":"default","adv-header-id-meta":"","stick-header-meta":"","header-above-stick-meta":"","header-main-stick-meta":"","header-below-stick-meta":"","astra-migrate-meta-layouts":"set","ast-page-background-enabled":"default","ast-page-background-meta":{"desktop":{"background-color":"var(--ast-global-color-5)","background-image":"","background-repeat":"repeat","background-position":"center center","background-size":"auto","background-attachment":"scroll","background-type":"","background-media":"","overlay-type":"","overlay-color":"","overlay-opacity":"","overlay-gradient":""},"tablet":{"background-color":"","background-image":"","background-repeat":"repeat","background-position":"center center","background-size":"auto","background-attachment":"scroll","background-type":"","background-media":"","overlay-type":"","overlay-color":"","overlay-opacity":"","overlay-gradient":""},"mobile":{"background-color":"","background-image":"","background-repeat":"repeat","background-position":"center center","background-size":"auto","background-attachment":"scroll","background-type":"","background-media":"","overlay-type":"","overlay-color":"","overlay-opacity":"","overlay-gradient":""}},"ast-content-background-meta":{"desktop":{"background-color":"var(--ast-global-color-4)","background-image":"","background-repeat":"repeat","background-position":"center center","background-size":"auto","background-attachment":"scroll","background-type":"","background-media":"","overlay-type":"","overlay-color":"","overlay-opacity":"","overlay-gradient":""},"tablet":{"background-color":"var(--ast-global-color-4)","background-image":"","background-repeat":"repeat","background-position":"center center","background-size":"auto","background-attachment":"scroll","background-type":"","background-media":"","overlay-type":"","overlay-color":"","overlay-opacity":"","overlay-gradient":""},"mobile":{"background-color":"var(--ast-global-color-4)","background-image":"","background-repeat":"repeat","background-position":"center center","background-size":"auto","background-attachment":"scroll","background-type":"","background-media":"","overlay-type":"","overlay-color":"","overlay-opacity":"","overlay-gradient":""}},"footnotes":""},"class_list":["post-247","page","type-page","status-publish","hentry"],"_links":{"self":[{"href":"https:\/\/hccsl.adv.br\/operacaolavajato\/wp-json\/wp\/v2\/pages\/247","targetHints":{"allow":["GET"]}}],"collection":[{"href":"https:\/\/hccsl.adv.br\/operacaolavajato\/wp-json\/wp\/v2\/pages"}],"about":[{"href":"https:\/\/hccsl.adv.br\/operacaolavajato\/wp-json\/wp\/v2\/types\/page"}],"author":[{"embeddable":true,"href":"https:\/\/hccsl.adv.br\/operacaolavajato\/wp-json\/wp\/v2\/users\/1"}],"replies":[{"embeddable":true,"href":"https:\/\/hccsl.adv.br\/operacaolavajato\/wp-json\/wp\/v2\/comments?post=247"}],"version-history":[{"count":2,"href":"https:\/\/hccsl.adv.br\/operacaolavajato\/wp-json\/wp\/v2\/pages\/247\/revisions"}],"predecessor-version":[{"id":249,"href":"https:\/\/hccsl.adv.br\/operacaolavajato\/wp-json\/wp\/v2\/pages\/247\/revisions\/249"}],"up":[{"embeddable":true,"href":"https:\/\/hccsl.adv.br\/operacaolavajato\/wp-json\/wp\/v2\/pages\/34"}],"wp:attachment":[{"href":"https:\/\/hccsl.adv.br\/operacaolavajato\/wp-json\/wp\/v2\/media?parent=247"}],"curies":[{"name":"wp","href":"https:\/\/api.w.org\/{rel}","templated":true}]}}