{"id":229,"date":"2025-09-07T02:47:41","date_gmt":"2025-09-07T02:47:41","guid":{"rendered":"https:\/\/hccsl.adv.br\/operacaolavajato\/?page_id=229"},"modified":"2025-09-07T02:47:41","modified_gmt":"2025-09-07T02:47:41","slug":"fase-55","status":"publish","type":"page","link":"https:\/\/hccsl.adv.br\/operacaolavajato\/fases-da-operacao\/fase-55\/","title":{"rendered":"Fase 55"},"content":{"rendered":"<p><strong class=\"group-[.isActiveSource]:text-xl group-[.isActiveSource]:font-bold\">55\u00aa fase: 26\/09\/2018 &#8211; \u201cAnel da Integra\u00e7\u00e3o\u201d volta \u00e0 mira<\/strong><br \/>\nO foco da Opera\u00e7\u00e3o Integra\u00e7\u00e3o II foi a investiga\u00e7\u00e3o de casos de corrup\u00e7\u00e3o ligados \u00e0 concess\u00e3o de rodovias federais no Paran\u00e1 envolvendo novamente o \u201cAnel da Integra\u00e7\u00e3o\u201d. Um dos presos foi Pepe Richa, irm\u00e3o de Beto Richa e secret\u00e1rio de Infraestrutura e Log\u00edstica nos dois mandatos do governador tucano. Pepe foi acusado de usar dinheiro ilegal para adquirir um terreno em Balne\u00e1rio Cambori\u00fa (SC).<\/p>\n","protected":false},"excerpt":{"rendered":"<p>55\u00aa fase: 26\/09\/2018 &#8211; \u201cAnel da Integra\u00e7\u00e3o\u201d volta \u00e0 mira O foco da Opera\u00e7\u00e3o Integra\u00e7\u00e3o II foi a investiga\u00e7\u00e3o de [&hellip;]<\/p>\n","protected":false},"author":1,"featured_media":0,"parent":34,"menu_order":0,"comment_status":"closed","ping_status":"closed","template":"","meta":{"site-sidebar-layout":"default","site-content-layout":"","ast-site-content-layout":"default","site-content-style":"default","site-sidebar-style":"default","ast-global-header-display":"","ast-banner-title-visibility":"","ast-main-header-display":"","ast-hfb-above-header-display":"","ast-hfb-below-header-display":"","ast-hfb-mobile-header-display":"","site-post-title":"","ast-breadcrumbs-content":"","ast-featured-img":"","footer-sml-layout":"","ast-disable-related-posts":"","theme-transparent-header-meta":"default","adv-header-id-meta":"","stick-header-meta":"","header-above-stick-meta":"","header-main-stick-meta":"","header-below-stick-meta":"","astra-migrate-meta-layouts":"set","ast-page-background-enabled":"default","ast-page-background-meta":{"desktop":{"background-color":"var(--ast-global-color-5)","background-image":"","background-repeat":"repeat","background-position":"center center","background-size":"auto","background-attachment":"scroll","background-type":"","background-media":"","overlay-type":"","overlay-color":"","overlay-opacity":"","overlay-gradient":""},"tablet":{"background-color":"","background-image":"","background-repeat":"repeat","background-position":"center center","background-size":"auto","background-attachment":"scroll","background-type":"","background-media":"","overlay-type":"","overlay-color":"","overlay-opacity":"","overlay-gradient":""},"mobile":{"background-color":"","background-image":"","background-repeat":"repeat","background-position":"center center","background-size":"auto","background-attachment":"scroll","background-type":"","background-media":"","overlay-type":"","overlay-color":"","overlay-opacity":"","overlay-gradient":""}},"ast-content-background-meta":{"desktop":{"background-color":"var(--ast-global-color-4)","background-image":"","background-repeat":"repeat","background-position":"center center","background-size":"auto","background-attachment":"scroll","background-type":"","background-media":"","overlay-type":"","overlay-color":"","overlay-opacity":"","overlay-gradient":""},"tablet":{"background-color":"var(--ast-global-color-4)","background-image":"","background-repeat":"repeat","background-position":"center center","background-size":"auto","background-attachment":"scroll","background-type":"","background-media":"","overlay-type":"","overlay-color":"","overlay-opacity":"","overlay-gradient":""},"mobile":{"background-color":"var(--ast-global-color-4)","background-image":"","background-repeat":"repeat","background-position":"center center","background-size":"auto","background-attachment":"scroll","background-type":"","background-media":"","overlay-type":"","overlay-color":"","overlay-opacity":"","overlay-gradient":""}},"footnotes":""},"class_list":["post-229","page","type-page","status-publish","hentry"],"_links":{"self":[{"href":"https:\/\/hccsl.adv.br\/operacaolavajato\/wp-json\/wp\/v2\/pages\/229","targetHints":{"allow":["GET"]}}],"collection":[{"href":"https:\/\/hccsl.adv.br\/operacaolavajato\/wp-json\/wp\/v2\/pages"}],"about":[{"href":"https:\/\/hccsl.adv.br\/operacaolavajato\/wp-json\/wp\/v2\/types\/page"}],"author":[{"embeddable":true,"href":"https:\/\/hccsl.adv.br\/operacaolavajato\/wp-json\/wp\/v2\/users\/1"}],"replies":[{"embeddable":true,"href":"https:\/\/hccsl.adv.br\/operacaolavajato\/wp-json\/wp\/v2\/comments?post=229"}],"version-history":[{"count":2,"href":"https:\/\/hccsl.adv.br\/operacaolavajato\/wp-json\/wp\/v2\/pages\/229\/revisions"}],"predecessor-version":[{"id":231,"href":"https:\/\/hccsl.adv.br\/operacaolavajato\/wp-json\/wp\/v2\/pages\/229\/revisions\/231"}],"up":[{"embeddable":true,"href":"https:\/\/hccsl.adv.br\/operacaolavajato\/wp-json\/wp\/v2\/pages\/34"}],"wp:attachment":[{"href":"https:\/\/hccsl.adv.br\/operacaolavajato\/wp-json\/wp\/v2\/media?parent=229"}],"curies":[{"name":"wp","href":"https:\/\/api.w.org\/{rel}","templated":true}]}}