{"id":166,"date":"2025-09-07T02:39:35","date_gmt":"2025-09-07T02:39:35","guid":{"rendered":"https:\/\/hccsl.adv.br\/operacaolavajato\/?page_id=166"},"modified":"2025-09-07T02:39:35","modified_gmt":"2025-09-07T02:39:35","slug":"fase-33","status":"publish","type":"page","link":"https:\/\/hccsl.adv.br\/operacaolavajato\/fases-da-operacao\/fase-33\/","title":{"rendered":"Fase 33"},"content":{"rendered":"<p><strong class=\"group-[.isActiveSource]:text-xl group-[.isActiveSource]:font-bold\">33\u00aa fase: 02\/08\/2016 &#8211; Pris\u00f5es da Queiroz Galv\u00e3o\u00a0<\/strong><br \/>\nA participa\u00e7\u00e3o da Queiroz Galv\u00e3o no chamado \u201ccartel das empreiteiras\u201d foi o principal foco da 33\u00aa etapa da Lava Jato, batizada de Resta Um. Ao todo, foram cumpridos 32 mandados judiciais em seis estados (GO, MG, PE, RJ, RS e SP), incluindo tr\u00eas mandados de pris\u00e3o. Entre os detidos, estavam o ex-presidente da construtora Idelfonso Colares Filho e o ex-diretor Othon Zanoide de Moraes \u2014 ambos presos na 7\u00aa fase e posteriormente liberados.<\/p>\n","protected":false},"excerpt":{"rendered":"<p>33\u00aa fase: 02\/08\/2016 &#8211; Pris\u00f5es da Queiroz Galv\u00e3o\u00a0 A participa\u00e7\u00e3o da Queiroz Galv\u00e3o no chamado \u201ccartel das empreiteiras\u201d foi o [&hellip;]<\/p>\n","protected":false},"author":1,"featured_media":0,"parent":34,"menu_order":0,"comment_status":"closed","ping_status":"closed","template":"","meta":{"site-sidebar-layout":"default","site-content-layout":"","ast-site-content-layout":"default","site-content-style":"default","site-sidebar-style":"default","ast-global-header-display":"","ast-banner-title-visibility":"","ast-main-header-display":"","ast-hfb-above-header-display":"","ast-hfb-below-header-display":"","ast-hfb-mobile-header-display":"","site-post-title":"","ast-breadcrumbs-content":"","ast-featured-img":"","footer-sml-layout":"","ast-disable-related-posts":"","theme-transparent-header-meta":"default","adv-header-id-meta":"","stick-header-meta":"","header-above-stick-meta":"","header-main-stick-meta":"","header-below-stick-meta":"","astra-migrate-meta-layouts":"set","ast-page-background-enabled":"default","ast-page-background-meta":{"desktop":{"background-color":"var(--ast-global-color-5)","background-image":"","background-repeat":"repeat","background-position":"center center","background-size":"auto","background-attachment":"scroll","background-type":"","background-media":"","overlay-type":"","overlay-color":"","overlay-opacity":"","overlay-gradient":""},"tablet":{"background-color":"","background-image":"","background-repeat":"repeat","background-position":"center center","background-size":"auto","background-attachment":"scroll","background-type":"","background-media":"","overlay-type":"","overlay-color":"","overlay-opacity":"","overlay-gradient":""},"mobile":{"background-color":"","background-image":"","background-repeat":"repeat","background-position":"center center","background-size":"auto","background-attachment":"scroll","background-type":"","background-media":"","overlay-type":"","overlay-color":"","overlay-opacity":"","overlay-gradient":""}},"ast-content-background-meta":{"desktop":{"background-color":"var(--ast-global-color-4)","background-image":"","background-repeat":"repeat","background-position":"center center","background-size":"auto","background-attachment":"scroll","background-type":"","background-media":"","overlay-type":"","overlay-color":"","overlay-opacity":"","overlay-gradient":""},"tablet":{"background-color":"var(--ast-global-color-4)","background-image":"","background-repeat":"repeat","background-position":"center center","background-size":"auto","background-attachment":"scroll","background-type":"","background-media":"","overlay-type":"","overlay-color":"","overlay-opacity":"","overlay-gradient":""},"mobile":{"background-color":"var(--ast-global-color-4)","background-image":"","background-repeat":"repeat","background-position":"center center","background-size":"auto","background-attachment":"scroll","background-type":"","background-media":"","overlay-type":"","overlay-color":"","overlay-opacity":"","overlay-gradient":""}},"footnotes":""},"class_list":["post-166","page","type-page","status-publish","hentry"],"_links":{"self":[{"href":"https:\/\/hccsl.adv.br\/operacaolavajato\/wp-json\/wp\/v2\/pages\/166","targetHints":{"allow":["GET"]}}],"collection":[{"href":"https:\/\/hccsl.adv.br\/operacaolavajato\/wp-json\/wp\/v2\/pages"}],"about":[{"href":"https:\/\/hccsl.adv.br\/operacaolavajato\/wp-json\/wp\/v2\/types\/page"}],"author":[{"embeddable":true,"href":"https:\/\/hccsl.adv.br\/operacaolavajato\/wp-json\/wp\/v2\/users\/1"}],"replies":[{"embeddable":true,"href":"https:\/\/hccsl.adv.br\/operacaolavajato\/wp-json\/wp\/v2\/comments?post=166"}],"version-history":[{"count":2,"href":"https:\/\/hccsl.adv.br\/operacaolavajato\/wp-json\/wp\/v2\/pages\/166\/revisions"}],"predecessor-version":[{"id":168,"href":"https:\/\/hccsl.adv.br\/operacaolavajato\/wp-json\/wp\/v2\/pages\/166\/revisions\/168"}],"up":[{"embeddable":true,"href":"https:\/\/hccsl.adv.br\/operacaolavajato\/wp-json\/wp\/v2\/pages\/34"}],"wp:attachment":[{"href":"https:\/\/hccsl.adv.br\/operacaolavajato\/wp-json\/wp\/v2\/media?parent=166"}],"curies":[{"name":"wp","href":"https:\/\/api.w.org\/{rel}","templated":true}]}}