{"id":146,"date":"2025-09-07T02:36:46","date_gmt":"2025-09-07T02:36:46","guid":{"rendered":"https:\/\/hccsl.adv.br\/operacaolavajato\/?page_id=146"},"modified":"2025-09-07T03:18:39","modified_gmt":"2025-09-07T03:18:39","slug":"fase-26","status":"publish","type":"page","link":"https:\/\/hccsl.adv.br\/operacaolavajato\/fases-da-operacao\/fase-26\/","title":{"rendered":"Fase 26"},"content":{"rendered":"<p><strong class=\"group-[.isActiveSource]:text-xl group-[.isActiveSource]:font-bold\">26\u00aa fase: 22\/03\/2016 &#8211; Pris\u00f5es na Odebrecht\u00a0<\/strong><br \/>\nUm dia depois da pris\u00e3o de Raul Schmidt em Portugal, a Lava Jato atuou nas ruas brasileiras. A opera\u00e7\u00e3o \u201cXepa\u201d cumpriu 110 ordens judiciais em 8 estados (Bahia, Minas Gerais, Pernambuco, Piau\u00ed, Rio de Janeiro, Rio Grande do Sul, Santa Catarina e S\u00e3o Paulo) e no Distrito Federal, incluindo 15 mandados de pris\u00e3o. Mais de um ano depois da pris\u00e3o do presidente Marcelo Odebrecht, os principais alvos foram executivos da empreiteira. De acordo com as investiga\u00e7\u00f5es, a divis\u00e3o da empresa conhecida como Setor de Opera\u00e7\u00f5es Estruturadas operava o pagamento de propinas por meio de contas offshore.<\/p>\n","protected":false},"excerpt":{"rendered":"<p>26\u00aa fase: 22\/03\/2016 &#8211; Pris\u00f5es na Odebrecht\u00a0 Um dia depois da pris\u00e3o de Raul Schmidt em Portugal, a Lava Jato [&hellip;]<\/p>\n","protected":false},"author":1,"featured_media":0,"parent":34,"menu_order":0,"comment_status":"closed","ping_status":"closed","template":"","meta":{"site-sidebar-layout":"default","site-content-layout":"","ast-site-content-layout":"default","site-content-style":"default","site-sidebar-style":"default","ast-global-header-display":"","ast-banner-title-visibility":"","ast-main-header-display":"","ast-hfb-above-header-display":"","ast-hfb-below-header-display":"","ast-hfb-mobile-header-display":"","site-post-title":"","ast-breadcrumbs-content":"","ast-featured-img":"","footer-sml-layout":"","ast-disable-related-posts":"","theme-transparent-header-meta":"default","adv-header-id-meta":"","stick-header-meta":"","header-above-stick-meta":"","header-main-stick-meta":"","header-below-stick-meta":"","astra-migrate-meta-layouts":"set","ast-page-background-enabled":"default","ast-page-background-meta":{"desktop":{"background-color":"var(--ast-global-color-5)","background-image":"","background-repeat":"repeat","background-position":"center center","background-size":"auto","background-attachment":"scroll","background-type":"","background-media":"","overlay-type":"","overlay-color":"","overlay-opacity":"","overlay-gradient":""},"tablet":{"background-color":"","background-image":"","background-repeat":"repeat","background-position":"center center","background-size":"auto","background-attachment":"scroll","background-type":"","background-media":"","overlay-type":"","overlay-color":"","overlay-opacity":"","overlay-gradient":""},"mobile":{"background-color":"","background-image":"","background-repeat":"repeat","background-position":"center center","background-size":"auto","background-attachment":"scroll","background-type":"","background-media":"","overlay-type":"","overlay-color":"","overlay-opacity":"","overlay-gradient":""}},"ast-content-background-meta":{"desktop":{"background-color":"var(--ast-global-color-4)","background-image":"","background-repeat":"repeat","background-position":"center center","background-size":"auto","background-attachment":"scroll","background-type":"","background-media":"","overlay-type":"","overlay-color":"","overlay-opacity":"","overlay-gradient":""},"tablet":{"background-color":"var(--ast-global-color-4)","background-image":"","background-repeat":"repeat","background-position":"center center","background-size":"auto","background-attachment":"scroll","background-type":"","background-media":"","overlay-type":"","overlay-color":"","overlay-opacity":"","overlay-gradient":""},"mobile":{"background-color":"var(--ast-global-color-4)","background-image":"","background-repeat":"repeat","background-position":"center center","background-size":"auto","background-attachment":"scroll","background-type":"","background-media":"","overlay-type":"","overlay-color":"","overlay-opacity":"","overlay-gradient":""}},"footnotes":""},"class_list":["post-146","page","type-page","status-publish","hentry"],"_links":{"self":[{"href":"https:\/\/hccsl.adv.br\/operacaolavajato\/wp-json\/wp\/v2\/pages\/146","targetHints":{"allow":["GET"]}}],"collection":[{"href":"https:\/\/hccsl.adv.br\/operacaolavajato\/wp-json\/wp\/v2\/pages"}],"about":[{"href":"https:\/\/hccsl.adv.br\/operacaolavajato\/wp-json\/wp\/v2\/types\/page"}],"author":[{"embeddable":true,"href":"https:\/\/hccsl.adv.br\/operacaolavajato\/wp-json\/wp\/v2\/users\/1"}],"replies":[{"embeddable":true,"href":"https:\/\/hccsl.adv.br\/operacaolavajato\/wp-json\/wp\/v2\/comments?post=146"}],"version-history":[{"count":2,"href":"https:\/\/hccsl.adv.br\/operacaolavajato\/wp-json\/wp\/v2\/pages\/146\/revisions"}],"predecessor-version":[{"id":148,"href":"https:\/\/hccsl.adv.br\/operacaolavajato\/wp-json\/wp\/v2\/pages\/146\/revisions\/148"}],"up":[{"embeddable":true,"href":"https:\/\/hccsl.adv.br\/operacaolavajato\/wp-json\/wp\/v2\/pages\/34"}],"wp:attachment":[{"href":"https:\/\/hccsl.adv.br\/operacaolavajato\/wp-json\/wp\/v2\/media?parent=146"}],"curies":[{"name":"wp","href":"https:\/\/api.w.org\/{rel}","templated":true}]}}